
{"id":1216,"date":"2014-07-14T19:21:32","date_gmt":"2014-07-14T23:21:32","guid":{"rendered":"https:\/\/www.fromagerieblackburn.com\/fromagerie-blackburn\/"},"modified":"2023-04-06T18:16:20","modified_gmt":"2023-04-06T22:16:20","slug":"fromagerie-blackburn-2","status":"publish","type":"page","link":"https:\/\/www.fromagerieblackburn.com\/en\/","title":{"rendered":"Blackburn Cheese Factory"},"content":{"rendered":"<p>Nam sem risus, sollicitudin id egestas pharetra, auctor non augue. Morbi id placerat lectus. Maecenas tincidunt pharetra luctus. Cras vitae ligula nulla, id varius nunc. Sed dui purus, faucibus eu volutpat vel, sodales non neque. Donec ornare feugiat mi sed imperdiet. Vestibulum cursus, ante eu blandit porta, lacus odio rutrum lectus, a ullamcorper dolor est pharetra nisl. Quisque nunc augue, pellentesque id eleifend quis, tincidunt eget mi. Ut iaculis neque adipiscing massa sodales eu fermentum dolor scelerisque.<\/p>\n<h2>Titre 2<\/h2>\n<h3>Titre 3<\/h3>\n<h4>Titre 4<\/h4>\n<h5>Titre 5<\/h5>\n<h6>Titre 6<\/h6>\n<p><strong>Donec in libero ipsum, mattis tincidunt erat<\/strong>.\u00a0<em>Praesent commodo fermentum velit ac gravida<\/em>. Sed faucibus nunc rutrum mi iaculis eu aliquam diam interdum. Vestibulum dignissim, lorem auctor sagittis ultricies, quam mi sodales sapien, faucibus tincidunt ante lacus ut quam. Curabitur euismod, nisi vitae auctor tempor, augue justo suscipit augue, a semper mi lorem in justo. Praesent massa metus, imperdiet sed feugiat vulputate, bibendum a nulla. Phasellus fringilla dolor id nisl ornare ut vehicula nisi laoreet. Praesent aliquam pulvinar\u00a0<a href=\"http:\/\/nubee.ca\" target=\"_blank\" rel=\"noopener noreferrer\">quam quis convallis<\/a>. Suspendisse rhoncus augue et neque fermentum gravida. Nullam aliquet quam non nulla laoreet at ornare lacus consectetur. Praesent erat neque, fringilla eu egestas eget, rutrum in leo. In ut leo dui. Praesent ornare bibendum mauris, ut facilisis nunc vulputate eu. Etiam ullamcorper dapibus lorem sed mattis.<\/p>\n<p>Voici un nombre en exposant\u00a010<sup>23<br \/>\n<\/sup>Voici un nombre en indice 10<sub>23<\/sub><\/p>\n<ol>\n<li>Liste num\u00e9rot\u00e9e, \u00e9l\u00e9ment 1<\/li>\n<li>Liste num\u00e9rot\u00e9e, \u00e9l\u00e9ment 2<\/li>\n<li>Liste num\u00e9rot\u00e9e, \u00e9l\u00e9ment 3<\/li>\n<li>Liste num\u00e9rot\u00e9e, \u00e9l\u00e9ment 4<\/li>\n<li>Liste num\u00e9rot\u00e9e, \u00e9l\u00e9ment 5<\/li>\n<\/ol>\n<ul>\n<li>Liste \u00e0 puces, \u00e9l\u00e9ment 1<\/li>\n<li>Liste \u00e0 puces, \u00e9l\u00e9ment 2<\/li>\n<li>Liste \u00e0 puces, \u00e9l\u00e9ment 3<\/li>\n<li>Liste \u00e0 puces, \u00e9l\u00e9ment 4<\/li>\n<li>Liste \u00e0 puces, \u00e9l\u00e9ment 5<\/li>\n<\/ul>\n<p>Donec scelerisque nulla vel arcu vehicula in molestie tortor vulputate. Vestibulum hendrerit semper odio non mattis. Duis aliquet lectus vitae augue dapibus in adipiscing orci euismod. Aliquam ultrices quam eget justo fermentum vulputate. Vivamus cursus diam gravida purus posuere vitae laoreet est sodales. Cras ut ante nibh, vitae condimentum nisl. Curabitur suscipit ipsum at leo gravida eleifend. Aenean volutpat felis vitae erat ornare ac tempor nibh convallis. Lorem ipsum dolor sit amet, consectetur adipiscing elit. Quisque facilisis ligula ut sem eleifend sit amet mollis diam ullamcorper.<\/p>\n<table class=\"mceItemTable\">\n<thead>\n<tr>\n<th>Colonne 1<\/th>\n<th>Colonne 2<\/th>\n<th>Colonne 3<\/th>\n<\/tr>\n<\/thead>\n<tbody>\n<tr>\n<td>Contenu de la colonne 1<\/td>\n<td>Contenu de la colonne 2<\/td>\n<td>Contenu de la colonne 3<\/td>\n<\/tr>\n<tr>\n<td>Contenu de la colonne 1<\/td>\n<td>Contenu de la colonne 2<\/td>\n<td>Contenu de la colonne 3<\/td>\n<\/tr>\n<\/tbody>\n<\/table>\n<blockquote><p>Donec scelerisque nulla vel arcu vehicula in molestie tortor vulputate. Vestibulum hendrerit semper odio non mattis. Duis aliquet lectus vitae augue dapibus in adipiscing orci euismod. Aliquam ultrices quam eget justo fermentum vulputate.<\/p><\/blockquote>\n<p><a class=\"button\" href=\"#\">Voici un bouton<\/a><\/p>\n","protected":false},"excerpt":{"rendered":"<p>Nam sem risus, sollicitudin id egestas pharetra, auctor non augue. Morbi id placerat lectus. Maecenas tincidunt pharetra luctus. Cras vitae ligula nulla, id varius nunc. Sed dui purus, faucibus eu volutpat vel, sodales non neque. Donec ornare feugiat mi sed imperdiet. Vestibulum cursus, ante eu blandit porta, lacus odio rutrum lectus, a ullamcorper dolor est&#8230;  <a class=\"excerpt-read-more\" href=\"https:\/\/www.fromagerieblackburn.com\/en\/\" title=\"Read Blackburn Cheese Factory\">Read more &raquo;<\/a><\/p>\n","protected":false},"author":1,"featured_media":0,"parent":0,"menu_order":48,"comment_status":"closed","ping_status":"closed","template":"","meta":{"_acf_changed":false,"footnotes":""},"class_list":["post-1216","page","type-page","status-publish","hentry"],"acf":[],"yoast_head":"<!-- This site is optimized with the Yoast SEO plugin v27.5 - https:\/\/yoast.com\/product\/yoast-seo-wordpress\/ -->\n<title>Fromagerie Blackburn \u2013 For the flavour<\/title>\n<meta name=\"description\" content=\"We&#039;ve patiently developed the flavours and aromas through meticulous care to please even the most demanding cheese aficionados. At Fromagerie Blackburn, every stage of cheese making is scrupulously carried out so that you can taste and appreciate artisanal products of the highest quality.\" \/>\n<meta name=\"robots\" content=\"index, follow, max-snippet:-1, max-image-preview:large, max-video-preview:-1\" \/>\n<link rel=\"canonical\" href=\"https:\/\/www.fromagerieblackburn.com\/en\/\" \/>\n<meta property=\"og:locale\" content=\"en_US\" \/>\n<meta property=\"og:type\" content=\"article\" \/>\n<meta property=\"og:title\" content=\"Fromagerie Blackburn \u2013 For the flavour\" \/>\n<meta property=\"og:description\" content=\"We&#039;ve patiently developed the flavours and aromas through meticulous care to please even the most demanding cheese aficionados. At Fromagerie Blackburn, every stage of cheese making is scrupulously carried out so that you can taste and appreciate artisanal products of the highest quality.\" \/>\n<meta property=\"og:url\" content=\"https:\/\/www.fromagerieblackburn.com\/en\/\" \/>\n<meta property=\"og:site_name\" content=\"Fromagerie Blackburn - Pour le go\u00fbt\" \/>\n<meta property=\"article:modified_time\" content=\"2023-04-06T22:16:20+00:00\" \/>\n<meta name=\"twitter:card\" content=\"summary_large_image\" \/>\n<meta name=\"twitter:label1\" content=\"Est. reading time\" \/>\n\t<meta name=\"twitter:data1\" content=\"3 minutes\" \/>\n<script type=\"application\/ld+json\" class=\"yoast-schema-graph\">{\"@context\":\"https:\\\/\\\/schema.org\",\"@graph\":[{\"@type\":\"WebPage\",\"@id\":\"https:\\\/\\\/www.fromagerieblackburn.com\\\/en\\\/\",\"url\":\"https:\\\/\\\/www.fromagerieblackburn.com\\\/en\\\/\",\"name\":\"Fromagerie Blackburn \u2013 For the flavour\",\"isPartOf\":{\"@id\":\"https:\\\/\\\/www.fromagerieblackburn.com\\\/#website\"},\"datePublished\":\"2014-07-14T23:21:32+00:00\",\"dateModified\":\"2023-04-06T22:16:20+00:00\",\"description\":\"We've patiently developed the flavours and aromas through meticulous care to please even the most demanding cheese aficionados. At Fromagerie Blackburn, every stage of cheese making is scrupulously carried out so that you can taste and appreciate artisanal products of the highest quality.\",\"breadcrumb\":{\"@id\":\"https:\\\/\\\/www.fromagerieblackburn.com\\\/en\\\/#breadcrumb\"},\"inLanguage\":\"en-US\",\"potentialAction\":[{\"@type\":\"ReadAction\",\"target\":[\"https:\\\/\\\/www.fromagerieblackburn.com\\\/en\\\/\"]}]},{\"@type\":\"BreadcrumbList\",\"@id\":\"https:\\\/\\\/www.fromagerieblackburn.com\\\/en\\\/#breadcrumb\",\"itemListElement\":[{\"@type\":\"ListItem\",\"position\":1,\"name\":\"Home\",\"item\":\"https:\\\/\\\/www.fromagerieblackburn.com\\\/en\\\/\"},{\"@type\":\"ListItem\",\"position\":2,\"name\":\"Blackburn Cheese Factory\"}]},{\"@type\":\"WebSite\",\"@id\":\"https:\\\/\\\/www.fromagerieblackburn.com\\\/#website\",\"url\":\"https:\\\/\\\/www.fromagerieblackburn.com\\\/\",\"name\":\"Fromagerie Blackburn - Pour le go\u00fbt\",\"description\":\"Pour le go\u00fbt\",\"publisher\":{\"@id\":\"https:\\\/\\\/www.fromagerieblackburn.com\\\/#organization\"},\"potentialAction\":[{\"@type\":\"SearchAction\",\"target\":{\"@type\":\"EntryPoint\",\"urlTemplate\":\"https:\\\/\\\/www.fromagerieblackburn.com\\\/?s={search_term_string}\"},\"query-input\":{\"@type\":\"PropertyValueSpecification\",\"valueRequired\":true,\"valueName\":\"search_term_string\"}}],\"inLanguage\":\"en-US\"},{\"@type\":\"Organization\",\"@id\":\"https:\\\/\\\/www.fromagerieblackburn.com\\\/#organization\",\"name\":\"Fromagerie Blackburn\",\"url\":\"https:\\\/\\\/www.fromagerieblackburn.com\\\/\",\"logo\":{\"@type\":\"ImageObject\",\"inLanguage\":\"en-US\",\"@id\":\"https:\\\/\\\/www.fromagerieblackburn.com\\\/#\\\/schema\\\/logo\\\/image\\\/\",\"url\":\"https:\\\/\\\/www.fromagerieblackburn.com\\\/wp-content\\\/uploads\\\/2017\\\/12\\\/logo.png\",\"contentUrl\":\"https:\\\/\\\/www.fromagerieblackburn.com\\\/wp-content\\\/uploads\\\/2017\\\/12\\\/logo.png\",\"width\":296,\"height\":134,\"caption\":\"Fromagerie Blackburn\"},\"image\":{\"@id\":\"https:\\\/\\\/www.fromagerieblackburn.com\\\/#\\\/schema\\\/logo\\\/image\\\/\"}}]}<\/script>\n<!-- \/ Yoast SEO plugin. -->","yoast_head_json":{"title":"Fromagerie Blackburn \u2013 For the flavour","description":"We've patiently developed the flavours and aromas through meticulous care to please even the most demanding cheese aficionados. At Fromagerie Blackburn, every stage of cheese making is scrupulously carried out so that you can taste and appreciate artisanal products of the highest quality.","robots":{"index":"index","follow":"follow","max-snippet":"max-snippet:-1","max-image-preview":"max-image-preview:large","max-video-preview":"max-video-preview:-1"},"canonical":"https:\/\/www.fromagerieblackburn.com\/en\/","og_locale":"en_US","og_type":"article","og_title":"Fromagerie Blackburn \u2013 For the flavour","og_description":"We've patiently developed the flavours and aromas through meticulous care to please even the most demanding cheese aficionados. At Fromagerie Blackburn, every stage of cheese making is scrupulously carried out so that you can taste and appreciate artisanal products of the highest quality.","og_url":"https:\/\/www.fromagerieblackburn.com\/en\/","og_site_name":"Fromagerie Blackburn - Pour le go\u00fbt","article_modified_time":"2023-04-06T22:16:20+00:00","twitter_card":"summary_large_image","twitter_misc":{"Est. reading time":"3 minutes"},"schema":{"@context":"https:\/\/schema.org","@graph":[{"@type":"WebPage","@id":"https:\/\/www.fromagerieblackburn.com\/en\/","url":"https:\/\/www.fromagerieblackburn.com\/en\/","name":"Fromagerie Blackburn \u2013 For the flavour","isPartOf":{"@id":"https:\/\/www.fromagerieblackburn.com\/#website"},"datePublished":"2014-07-14T23:21:32+00:00","dateModified":"2023-04-06T22:16:20+00:00","description":"We've patiently developed the flavours and aromas through meticulous care to please even the most demanding cheese aficionados. At Fromagerie Blackburn, every stage of cheese making is scrupulously carried out so that you can taste and appreciate artisanal products of the highest quality.","breadcrumb":{"@id":"https:\/\/www.fromagerieblackburn.com\/en\/#breadcrumb"},"inLanguage":"en-US","potentialAction":[{"@type":"ReadAction","target":["https:\/\/www.fromagerieblackburn.com\/en\/"]}]},{"@type":"BreadcrumbList","@id":"https:\/\/www.fromagerieblackburn.com\/en\/#breadcrumb","itemListElement":[{"@type":"ListItem","position":1,"name":"Home","item":"https:\/\/www.fromagerieblackburn.com\/en\/"},{"@type":"ListItem","position":2,"name":"Blackburn Cheese Factory"}]},{"@type":"WebSite","@id":"https:\/\/www.fromagerieblackburn.com\/#website","url":"https:\/\/www.fromagerieblackburn.com\/","name":"Fromagerie Blackburn - Pour le go\u00fbt","description":"Pour le go\u00fbt","publisher":{"@id":"https:\/\/www.fromagerieblackburn.com\/#organization"},"potentialAction":[{"@type":"SearchAction","target":{"@type":"EntryPoint","urlTemplate":"https:\/\/www.fromagerieblackburn.com\/?s={search_term_string}"},"query-input":{"@type":"PropertyValueSpecification","valueRequired":true,"valueName":"search_term_string"}}],"inLanguage":"en-US"},{"@type":"Organization","@id":"https:\/\/www.fromagerieblackburn.com\/#organization","name":"Fromagerie Blackburn","url":"https:\/\/www.fromagerieblackburn.com\/","logo":{"@type":"ImageObject","inLanguage":"en-US","@id":"https:\/\/www.fromagerieblackburn.com\/#\/schema\/logo\/image\/","url":"https:\/\/www.fromagerieblackburn.com\/wp-content\/uploads\/2017\/12\/logo.png","contentUrl":"https:\/\/www.fromagerieblackburn.com\/wp-content\/uploads\/2017\/12\/logo.png","width":296,"height":134,"caption":"Fromagerie Blackburn"},"image":{"@id":"https:\/\/www.fromagerieblackburn.com\/#\/schema\/logo\/image\/"}}]}},"_links":{"self":[{"href":"https:\/\/www.fromagerieblackburn.com\/en\/wp-json\/wp\/v2\/pages\/1216","targetHints":{"allow":["GET"]}}],"collection":[{"href":"https:\/\/www.fromagerieblackburn.com\/en\/wp-json\/wp\/v2\/pages"}],"about":[{"href":"https:\/\/www.fromagerieblackburn.com\/en\/wp-json\/wp\/v2\/types\/page"}],"author":[{"embeddable":true,"href":"https:\/\/www.fromagerieblackburn.com\/en\/wp-json\/wp\/v2\/users\/1"}],"replies":[{"embeddable":true,"href":"https:\/\/www.fromagerieblackburn.com\/en\/wp-json\/wp\/v2\/comments?post=1216"}],"version-history":[{"count":2,"href":"https:\/\/www.fromagerieblackburn.com\/en\/wp-json\/wp\/v2\/pages\/1216\/revisions"}],"predecessor-version":[{"id":5302,"href":"https:\/\/www.fromagerieblackburn.com\/en\/wp-json\/wp\/v2\/pages\/1216\/revisions\/5302"}],"wp:attachment":[{"href":"https:\/\/www.fromagerieblackburn.com\/en\/wp-json\/wp\/v2\/media?parent=1216"}],"curies":[{"name":"wp","href":"https:\/\/api.w.org\/{rel}","templated":true}]}}